{"id":3402,"date":"2022-04-04T08:00:42","date_gmt":"2022-04-04T06:00:42","guid":{"rendered":"https:\/\/catedradeltajo.es\/?page_id=3402"},"modified":"2022-04-01T12:45:14","modified_gmt":"2022-04-01T10:45:14","slug":"la-catedra-responde-2","status":"publish","type":"page","link":"https:\/\/catedradeltajo.es\/en\/la-catedra-responde-2\/","title":{"rendered":"\u00bfPor qu\u00e9 el r\u00edo Tajo es azul hasta Aranjuez y ah\u00ed se vuelve oscuro?"},"content":{"rendered":"","protected":false},"excerpt":{"rendered":"","protected":false},"author":4,"featured_media":0,"parent":0,"menu_order":0,"comment_status":"closed","ping_status":"closed","template":"","meta":{"footnotes":""},"class_list":["post-3402","page","type-page","status-publish","hentry"],"yoast_head":"<!-- This site is optimized with the Yoast SEO plugin v27.3 - https:\/\/yoast.com\/product\/yoast-seo-wordpress\/ -->\n<title>\u00bfPor qu\u00e9 el r\u00edo Tajo es azul hasta Aranjuez y ah\u00ed se vuelve oscuro? &#8211; C\u00e1tedra del Tajo<\/title>\n<meta name=\"robots\" content=\"index, follow, max-snippet:-1, max-image-preview:large, max-video-preview:-1\" \/>\n<link rel=\"canonical\" href=\"https:\/\/catedradeltajo.es\/en\/la-catedra-responde-2\/\" \/>\n<meta property=\"og:locale\" content=\"en_US\" \/>\n<meta property=\"og:type\" content=\"article\" \/>\n<meta property=\"og:title\" content=\"\u00bfPor qu\u00e9 el r\u00edo Tajo es azul hasta Aranjuez y ah\u00ed se vuelve oscuro? &#8211; C\u00e1tedra del Tajo\" \/>\n<meta property=\"og:url\" content=\"https:\/\/catedradeltajo.es\/en\/la-catedra-responde-2\/\" \/>\n<meta property=\"og:site_name\" content=\"C\u00e1tedra del Tajo\" \/>\n<meta name=\"twitter:card\" content=\"summary_large_image\" \/>\n<meta name=\"twitter:site\" content=\"@OMontesion\" \/>\n<script type=\"application\/ld+json\" class=\"yoast-schema-graph\">{\"@context\":\"https:\\\/\\\/schema.org\",\"@graph\":[{\"@type\":\"WebPage\",\"@id\":\"https:\\\/\\\/catedradeltajo.es\\\/la-catedra-responde-2\\\/\",\"url\":\"https:\\\/\\\/catedradeltajo.es\\\/la-catedra-responde-2\\\/\",\"name\":\"\u00bfPor qu\u00e9 el r\u00edo Tajo es azul hasta Aranjuez y ah\u00ed se vuelve oscuro? &#8211; C\u00e1tedra del Tajo\",\"isPartOf\":{\"@id\":\"https:\\\/\\\/catedradeltajo.es\\\/#website\"},\"datePublished\":\"2022-04-04T06:00:42+00:00\",\"breadcrumb\":{\"@id\":\"https:\\\/\\\/catedradeltajo.es\\\/la-catedra-responde-2\\\/#breadcrumb\"},\"inLanguage\":\"en-US\",\"potentialAction\":[{\"@type\":\"ReadAction\",\"target\":[\"https:\\\/\\\/catedradeltajo.es\\\/la-catedra-responde-2\\\/\"]}]},{\"@type\":\"BreadcrumbList\",\"@id\":\"https:\\\/\\\/catedradeltajo.es\\\/la-catedra-responde-2\\\/#breadcrumb\",\"itemListElement\":[{\"@type\":\"ListItem\",\"position\":1,\"name\":\"Portada\",\"item\":\"https:\\\/\\\/catedradeltajo.es\\\/\"},{\"@type\":\"ListItem\",\"position\":2,\"name\":\"\u00bfPor qu\u00e9 el r\u00edo Tajo es azul hasta Aranjuez y ah\u00ed se vuelve oscuro?\"}]},{\"@type\":\"WebSite\",\"@id\":\"https:\\\/\\\/catedradeltajo.es\\\/#website\",\"url\":\"https:\\\/\\\/catedradeltajo.es\\\/\",\"name\":\"Incendio de Montesi\u00f3n\",\"description\":\"C\u00e1tedra sobre el r\u00edo Tajo de la UCLM y la Fundaci\u00f3n SOLISS\",\"publisher\":{\"@id\":\"https:\\\/\\\/catedradeltajo.es\\\/#organization\"},\"potentialAction\":[{\"@type\":\"SearchAction\",\"target\":{\"@type\":\"EntryPoint\",\"urlTemplate\":\"https:\\\/\\\/catedradeltajo.es\\\/?s={search_term_string}\"},\"query-input\":{\"@type\":\"PropertyValueSpecification\",\"valueRequired\":true,\"valueName\":\"search_term_string\"}}],\"inLanguage\":\"en-US\"},{\"@type\":\"Organization\",\"@id\":\"https:\\\/\\\/catedradeltajo.es\\\/#organization\",\"name\":\"Observatorio de la Evoluci\u00f3n del Incendio de Montesi\u00f3n\",\"url\":\"https:\\\/\\\/catedradeltajo.es\\\/\",\"logo\":{\"@type\":\"ImageObject\",\"inLanguage\":\"en-US\",\"@id\":\"https:\\\/\\\/catedradeltajo.es\\\/#\\\/schema\\\/logo\\\/image\\\/\",\"url\":\"https:\\\/\\\/catedradeltajo.es\\\/wp-content\\\/uploads\\\/2021\\\/09\\\/105943627_929275060916590_5631063699459450491_n.jpg\",\"contentUrl\":\"https:\\\/\\\/catedradeltajo.es\\\/wp-content\\\/uploads\\\/2021\\\/09\\\/105943627_929275060916590_5631063699459450491_n.jpg\",\"width\":150,\"height\":150,\"caption\":\"Observatorio de la Evoluci\u00f3n del Incendio de Montesi\u00f3n\"},\"image\":{\"@id\":\"https:\\\/\\\/catedradeltajo.es\\\/#\\\/schema\\\/logo\\\/image\\\/\"},\"sameAs\":[\"https:\\\/\\\/x.com\\\/OMontesion\",\"https:\\\/\\\/www.instagram.com\\\/omontesion\\\/\"]}]}<\/script>\n<!-- \/ Yoast SEO plugin. -->","yoast_head_json":{"title":"\u00bfPor qu\u00e9 el r\u00edo Tajo es azul hasta Aranjuez y ah\u00ed se vuelve oscuro? &#8211; C\u00e1tedra del Tajo","robots":{"index":"index","follow":"follow","max-snippet":"max-snippet:-1","max-image-preview":"max-image-preview:large","max-video-preview":"max-video-preview:-1"},"canonical":"https:\/\/catedradeltajo.es\/en\/la-catedra-responde-2\/","og_locale":"en_US","og_type":"article","og_title":"\u00bfPor qu\u00e9 el r\u00edo Tajo es azul hasta Aranjuez y ah\u00ed se vuelve oscuro? &#8211; C\u00e1tedra del Tajo","og_url":"https:\/\/catedradeltajo.es\/en\/la-catedra-responde-2\/","og_site_name":"C\u00e1tedra del Tajo","twitter_card":"summary_large_image","twitter_site":"@OMontesion","schema":{"@context":"https:\/\/schema.org","@graph":[{"@type":"WebPage","@id":"https:\/\/catedradeltajo.es\/la-catedra-responde-2\/","url":"https:\/\/catedradeltajo.es\/la-catedra-responde-2\/","name":"\u00bfPor qu\u00e9 el r\u00edo Tajo es azul hasta Aranjuez y ah\u00ed se vuelve oscuro? &#8211; C\u00e1tedra del Tajo","isPartOf":{"@id":"https:\/\/catedradeltajo.es\/#website"},"datePublished":"2022-04-04T06:00:42+00:00","breadcrumb":{"@id":"https:\/\/catedradeltajo.es\/la-catedra-responde-2\/#breadcrumb"},"inLanguage":"en-US","potentialAction":[{"@type":"ReadAction","target":["https:\/\/catedradeltajo.es\/la-catedra-responde-2\/"]}]},{"@type":"BreadcrumbList","@id":"https:\/\/catedradeltajo.es\/la-catedra-responde-2\/#breadcrumb","itemListElement":[{"@type":"ListItem","position":1,"name":"Portada","item":"https:\/\/catedradeltajo.es\/"},{"@type":"ListItem","position":2,"name":"\u00bfPor qu\u00e9 el r\u00edo Tajo es azul hasta Aranjuez y ah\u00ed se vuelve oscuro?"}]},{"@type":"WebSite","@id":"https:\/\/catedradeltajo.es\/#website","url":"https:\/\/catedradeltajo.es\/","name":"Incendio de Montesi\u00f3n","description":"C\u00e1tedra sobre el r\u00edo Tajo de la UCLM y la Fundaci\u00f3n SOLISS","publisher":{"@id":"https:\/\/catedradeltajo.es\/#organization"},"potentialAction":[{"@type":"SearchAction","target":{"@type":"EntryPoint","urlTemplate":"https:\/\/catedradeltajo.es\/?s={search_term_string}"},"query-input":{"@type":"PropertyValueSpecification","valueRequired":true,"valueName":"search_term_string"}}],"inLanguage":"en-US"},{"@type":"Organization","@id":"https:\/\/catedradeltajo.es\/#organization","name":"Observatorio de la Evoluci\u00f3n del Incendio de Montesi\u00f3n","url":"https:\/\/catedradeltajo.es\/","logo":{"@type":"ImageObject","inLanguage":"en-US","@id":"https:\/\/catedradeltajo.es\/#\/schema\/logo\/image\/","url":"https:\/\/catedradeltajo.es\/wp-content\/uploads\/2021\/09\/105943627_929275060916590_5631063699459450491_n.jpg","contentUrl":"https:\/\/catedradeltajo.es\/wp-content\/uploads\/2021\/09\/105943627_929275060916590_5631063699459450491_n.jpg","width":150,"height":150,"caption":"Observatorio de la Evoluci\u00f3n del Incendio de Montesi\u00f3n"},"image":{"@id":"https:\/\/catedradeltajo.es\/#\/schema\/logo\/image\/"},"sameAs":["https:\/\/x.com\/OMontesion","https:\/\/www.instagram.com\/omontesion\/"]}]}},"_links":{"self":[{"href":"https:\/\/catedradeltajo.es\/en\/wp-json\/wp\/v2\/pages\/3402","targetHints":{"allow":["GET"]}}],"collection":[{"href":"https:\/\/catedradeltajo.es\/en\/wp-json\/wp\/v2\/pages"}],"about":[{"href":"https:\/\/catedradeltajo.es\/en\/wp-json\/wp\/v2\/types\/page"}],"author":[{"embeddable":true,"href":"https:\/\/catedradeltajo.es\/en\/wp-json\/wp\/v2\/users\/4"}],"replies":[{"embeddable":true,"href":"https:\/\/catedradeltajo.es\/en\/wp-json\/wp\/v2\/comments?post=3402"}],"version-history":[{"count":1,"href":"https:\/\/catedradeltajo.es\/en\/wp-json\/wp\/v2\/pages\/3402\/revisions"}],"predecessor-version":[{"id":3403,"href":"https:\/\/catedradeltajo.es\/en\/wp-json\/wp\/v2\/pages\/3402\/revisions\/3403"}],"wp:attachment":[{"href":"https:\/\/catedradeltajo.es\/en\/wp-json\/wp\/v2\/media?parent=3402"}],"curies":[{"name":"wp","href":"https:\/\/api.w.org\/{rel}","templated":true}]}}