{"id":3349,"date":"2022-03-21T10:22:50","date_gmt":"2022-03-21T09:22:50","guid":{"rendered":"https:\/\/catedradeltajo.es\/?page_id=3349"},"modified":"2022-03-21T11:46:59","modified_gmt":"2022-03-21T10:46:59","slug":"la-catedra-recomienda-el-tajo-una-animacion-de-dos-minutos-que-resume-los-problemas-del-rio","status":"publish","type":"page","link":"https:\/\/catedradeltajo.es\/en\/la-catedra-recomienda-el-tajo-una-animacion-de-dos-minutos-que-resume-los-problemas-del-rio\/","title":{"rendered":"La C\u00e1tedra del Tajo UCLM-Soliss recomienda: \u00abEl Tajo\u00bb, una animaci\u00f3n de dos minutos que resume los problemas del r\u00edo"},"content":{"rendered":"<p>The UCLM-Soliss Tagus Chair recommends a small-large video, of interest to both children and adults. In just over two minutes, the causes of degradation of the Tagus River are summarized in a very didactic way. The script by Enrique Garc\u00eda G\u00f3mez, the drawings by Guillermo Ferreira, the animation by Rub\u00e9n Den\u00e9 and the voice of Erik Gatby combine wonderfully to express in a very brief and direct way the main problems of our river.<\/p>\n<p>From the UCLM-Soliss Tagus Chair we have considered that it is a document of interest to form part of our <a href=\"https:\/\/catedradeltajo.es\/multimedia\/\">audiovisual selection<\/a> available on our website.<\/p>\n<p>&nbsp;<\/p>","protected":false},"excerpt":{"rendered":"<p>La C\u00e1tedra del Tajo UCLM-Soliss recomienda un peque\u00f1o-gran v\u00eddeo, de inter\u00e9s tanto para p\u00fablico infantil como adulto. En poco m\u00e1s de dos minutos se resumen, de<span class=\"excerpt-hellip\"> [\u2026]<\/span><\/p>\n","protected":false},"author":4,"featured_media":3350,"parent":0,"menu_order":0,"comment_status":"closed","ping_status":"closed","template":"","meta":{"footnotes":""},"class_list":["post-3349","page","type-page","status-publish","has-post-thumbnail","hentry"],"yoast_head":"<!-- This site is optimized with the Yoast SEO plugin v27.4 - https:\/\/yoast.com\/product\/yoast-seo-wordpress\/ -->\n<title>La C\u00e1tedra del Tajo UCLM-Soliss recomienda: &quot;El Tajo&quot;, una animaci\u00f3n de dos minutos que resume los problemas del r\u00edo &#8211; C\u00e1tedra del Tajo<\/title>\n<meta name=\"robots\" content=\"index, follow, max-snippet:-1, max-image-preview:large, max-video-preview:-1\" \/>\n<link rel=\"canonical\" href=\"https:\/\/catedradeltajo.es\/en\/la-catedra-recomienda-el-tajo-una-animacion-de-dos-minutos-que-resume-los-problemas-del-rio\/\" \/>\n<meta property=\"og:locale\" content=\"en_US\" \/>\n<meta property=\"og:type\" content=\"article\" \/>\n<meta property=\"og:title\" content=\"La C\u00e1tedra del Tajo UCLM-Soliss recomienda: &quot;El Tajo&quot;, una animaci\u00f3n de dos minutos que resume los problemas del r\u00edo &#8211; C\u00e1tedra del Tajo\" \/>\n<meta property=\"og:description\" content=\"La C\u00e1tedra del Tajo UCLM-Soliss recomienda un peque\u00f1o-gran v\u00eddeo, de inter\u00e9s tanto para p\u00fablico infantil como adulto. En poco m\u00e1s de dos minutos se resumen, de [\u2026]\" \/>\n<meta property=\"og:url\" content=\"https:\/\/catedradeltajo.es\/en\/la-catedra-recomienda-el-tajo-una-animacion-de-dos-minutos-que-resume-los-problemas-del-rio\/\" \/>\n<meta property=\"og:site_name\" content=\"C\u00e1tedra del Tajo\" \/>\n<meta property=\"article:modified_time\" content=\"2022-03-21T10:46:59+00:00\" \/>\n<meta property=\"og:image\" content=\"https:\/\/catedradeltajo.es\/wp-content\/uploads\/2022\/03\/El-Tajo-Thus.jpg\" \/>\n\t<meta property=\"og:image:width\" content=\"1754\" \/>\n\t<meta property=\"og:image:height\" content=\"1240\" \/>\n\t<meta property=\"og:image:type\" content=\"image\/jpeg\" \/>\n<meta name=\"twitter:card\" content=\"summary_large_image\" \/>\n<meta name=\"twitter:site\" content=\"@OMontesion\" \/>\n<meta name=\"twitter:label1\" content=\"Est. reading time\" \/>\n\t<meta name=\"twitter:data1\" content=\"1 minute\" \/>\n<script type=\"application\/ld+json\" class=\"yoast-schema-graph\">{\"@context\":\"https:\\\/\\\/schema.org\",\"@graph\":[{\"@type\":\"WebPage\",\"@id\":\"https:\\\/\\\/catedradeltajo.es\\\/la-catedra-recomienda-el-tajo-una-animacion-de-dos-minutos-que-resume-los-problemas-del-rio\\\/\",\"url\":\"https:\\\/\\\/catedradeltajo.es\\\/la-catedra-recomienda-el-tajo-una-animacion-de-dos-minutos-que-resume-los-problemas-del-rio\\\/\",\"name\":\"La C\u00e1tedra del Tajo UCLM-Soliss recomienda: \\\"El Tajo\\\", una animaci\u00f3n de dos minutos que resume los problemas del r\u00edo &#8211; C\u00e1tedra del Tajo\",\"isPartOf\":{\"@id\":\"https:\\\/\\\/catedradeltajo.es\\\/#website\"},\"primaryImageOfPage\":{\"@id\":\"https:\\\/\\\/catedradeltajo.es\\\/la-catedra-recomienda-el-tajo-una-animacion-de-dos-minutos-que-resume-los-problemas-del-rio\\\/#primaryimage\"},\"image\":{\"@id\":\"https:\\\/\\\/catedradeltajo.es\\\/la-catedra-recomienda-el-tajo-una-animacion-de-dos-minutos-que-resume-los-problemas-del-rio\\\/#primaryimage\"},\"thumbnailUrl\":\"https:\\\/\\\/catedradeltajo.es\\\/wp-content\\\/uploads\\\/2022\\\/03\\\/El-Tajo-Thus.jpg\",\"datePublished\":\"2022-03-21T09:22:50+00:00\",\"dateModified\":\"2022-03-21T10:46:59+00:00\",\"breadcrumb\":{\"@id\":\"https:\\\/\\\/catedradeltajo.es\\\/la-catedra-recomienda-el-tajo-una-animacion-de-dos-minutos-que-resume-los-problemas-del-rio\\\/#breadcrumb\"},\"inLanguage\":\"en-US\",\"potentialAction\":[{\"@type\":\"ReadAction\",\"target\":[\"https:\\\/\\\/catedradeltajo.es\\\/la-catedra-recomienda-el-tajo-una-animacion-de-dos-minutos-que-resume-los-problemas-del-rio\\\/\"]}]},{\"@type\":\"ImageObject\",\"inLanguage\":\"en-US\",\"@id\":\"https:\\\/\\\/catedradeltajo.es\\\/la-catedra-recomienda-el-tajo-una-animacion-de-dos-minutos-que-resume-los-problemas-del-rio\\\/#primaryimage\",\"url\":\"https:\\\/\\\/catedradeltajo.es\\\/wp-content\\\/uploads\\\/2022\\\/03\\\/El-Tajo-Thus.jpg\",\"contentUrl\":\"https:\\\/\\\/catedradeltajo.es\\\/wp-content\\\/uploads\\\/2022\\\/03\\\/El-Tajo-Thus.jpg\",\"width\":1754,\"height\":1240},{\"@type\":\"BreadcrumbList\",\"@id\":\"https:\\\/\\\/catedradeltajo.es\\\/la-catedra-recomienda-el-tajo-una-animacion-de-dos-minutos-que-resume-los-problemas-del-rio\\\/#breadcrumb\",\"itemListElement\":[{\"@type\":\"ListItem\",\"position\":1,\"name\":\"Portada\",\"item\":\"https:\\\/\\\/catedradeltajo.es\\\/\"},{\"@type\":\"ListItem\",\"position\":2,\"name\":\"La C\u00e1tedra del Tajo UCLM-Soliss recomienda: \u00abEl Tajo\u00bb, una animaci\u00f3n de dos minutos que resume los problemas del r\u00edo\"}]},{\"@type\":\"WebSite\",\"@id\":\"https:\\\/\\\/catedradeltajo.es\\\/#website\",\"url\":\"https:\\\/\\\/catedradeltajo.es\\\/\",\"name\":\"Incendio de Montesi\u00f3n\",\"description\":\"C\u00e1tedra sobre el r\u00edo Tajo de la UCLM y la Fundaci\u00f3n SOLISS\",\"publisher\":{\"@id\":\"https:\\\/\\\/catedradeltajo.es\\\/#organization\"},\"potentialAction\":[{\"@type\":\"SearchAction\",\"target\":{\"@type\":\"EntryPoint\",\"urlTemplate\":\"https:\\\/\\\/catedradeltajo.es\\\/?s={search_term_string}\"},\"query-input\":{\"@type\":\"PropertyValueSpecification\",\"valueRequired\":true,\"valueName\":\"search_term_string\"}}],\"inLanguage\":\"en-US\"},{\"@type\":\"Organization\",\"@id\":\"https:\\\/\\\/catedradeltajo.es\\\/#organization\",\"name\":\"Observatorio de la Evoluci\u00f3n del Incendio de Montesi\u00f3n\",\"url\":\"https:\\\/\\\/catedradeltajo.es\\\/\",\"logo\":{\"@type\":\"ImageObject\",\"inLanguage\":\"en-US\",\"@id\":\"https:\\\/\\\/catedradeltajo.es\\\/#\\\/schema\\\/logo\\\/image\\\/\",\"url\":\"https:\\\/\\\/catedradeltajo.es\\\/wp-content\\\/uploads\\\/2021\\\/09\\\/105943627_929275060916590_5631063699459450491_n.jpg\",\"contentUrl\":\"https:\\\/\\\/catedradeltajo.es\\\/wp-content\\\/uploads\\\/2021\\\/09\\\/105943627_929275060916590_5631063699459450491_n.jpg\",\"width\":150,\"height\":150,\"caption\":\"Observatorio de la Evoluci\u00f3n del Incendio de Montesi\u00f3n\"},\"image\":{\"@id\":\"https:\\\/\\\/catedradeltajo.es\\\/#\\\/schema\\\/logo\\\/image\\\/\"},\"sameAs\":[\"https:\\\/\\\/x.com\\\/OMontesion\",\"https:\\\/\\\/www.instagram.com\\\/omontesion\\\/\"]}]}<\/script>\n<!-- \/ Yoast SEO plugin. -->","yoast_head_json":{"title":"La C\u00e1tedra del Tajo UCLM-Soliss recomienda: \"El Tajo\", una animaci\u00f3n de dos minutos que resume los problemas del r\u00edo &#8211; C\u00e1tedra del Tajo","robots":{"index":"index","follow":"follow","max-snippet":"max-snippet:-1","max-image-preview":"max-image-preview:large","max-video-preview":"max-video-preview:-1"},"canonical":"https:\/\/catedradeltajo.es\/en\/la-catedra-recomienda-el-tajo-una-animacion-de-dos-minutos-que-resume-los-problemas-del-rio\/","og_locale":"en_US","og_type":"article","og_title":"La C\u00e1tedra del Tajo UCLM-Soliss recomienda: \"El Tajo\", una animaci\u00f3n de dos minutos que resume los problemas del r\u00edo &#8211; C\u00e1tedra del Tajo","og_description":"La C\u00e1tedra del Tajo UCLM-Soliss recomienda un peque\u00f1o-gran v\u00eddeo, de inter\u00e9s tanto para p\u00fablico infantil como adulto. En poco m\u00e1s de dos minutos se resumen, de [\u2026]","og_url":"https:\/\/catedradeltajo.es\/en\/la-catedra-recomienda-el-tajo-una-animacion-de-dos-minutos-que-resume-los-problemas-del-rio\/","og_site_name":"C\u00e1tedra del Tajo","article_modified_time":"2022-03-21T10:46:59+00:00","og_image":[{"width":1754,"height":1240,"url":"https:\/\/catedradeltajo.es\/wp-content\/uploads\/2022\/03\/El-Tajo-Thus.jpg","type":"image\/jpeg"}],"twitter_card":"summary_large_image","twitter_site":"@OMontesion","twitter_misc":{"Est. reading time":"1 minute"},"schema":{"@context":"https:\/\/schema.org","@graph":[{"@type":"WebPage","@id":"https:\/\/catedradeltajo.es\/la-catedra-recomienda-el-tajo-una-animacion-de-dos-minutos-que-resume-los-problemas-del-rio\/","url":"https:\/\/catedradeltajo.es\/la-catedra-recomienda-el-tajo-una-animacion-de-dos-minutos-que-resume-los-problemas-del-rio\/","name":"La C\u00e1tedra del Tajo UCLM-Soliss recomienda: \"El Tajo\", una animaci\u00f3n de dos minutos que resume los problemas del r\u00edo &#8211; C\u00e1tedra del Tajo","isPartOf":{"@id":"https:\/\/catedradeltajo.es\/#website"},"primaryImageOfPage":{"@id":"https:\/\/catedradeltajo.es\/la-catedra-recomienda-el-tajo-una-animacion-de-dos-minutos-que-resume-los-problemas-del-rio\/#primaryimage"},"image":{"@id":"https:\/\/catedradeltajo.es\/la-catedra-recomienda-el-tajo-una-animacion-de-dos-minutos-que-resume-los-problemas-del-rio\/#primaryimage"},"thumbnailUrl":"https:\/\/catedradeltajo.es\/wp-content\/uploads\/2022\/03\/El-Tajo-Thus.jpg","datePublished":"2022-03-21T09:22:50+00:00","dateModified":"2022-03-21T10:46:59+00:00","breadcrumb":{"@id":"https:\/\/catedradeltajo.es\/la-catedra-recomienda-el-tajo-una-animacion-de-dos-minutos-que-resume-los-problemas-del-rio\/#breadcrumb"},"inLanguage":"en-US","potentialAction":[{"@type":"ReadAction","target":["https:\/\/catedradeltajo.es\/la-catedra-recomienda-el-tajo-una-animacion-de-dos-minutos-que-resume-los-problemas-del-rio\/"]}]},{"@type":"ImageObject","inLanguage":"en-US","@id":"https:\/\/catedradeltajo.es\/la-catedra-recomienda-el-tajo-una-animacion-de-dos-minutos-que-resume-los-problemas-del-rio\/#primaryimage","url":"https:\/\/catedradeltajo.es\/wp-content\/uploads\/2022\/03\/El-Tajo-Thus.jpg","contentUrl":"https:\/\/catedradeltajo.es\/wp-content\/uploads\/2022\/03\/El-Tajo-Thus.jpg","width":1754,"height":1240},{"@type":"BreadcrumbList","@id":"https:\/\/catedradeltajo.es\/la-catedra-recomienda-el-tajo-una-animacion-de-dos-minutos-que-resume-los-problemas-del-rio\/#breadcrumb","itemListElement":[{"@type":"ListItem","position":1,"name":"Portada","item":"https:\/\/catedradeltajo.es\/"},{"@type":"ListItem","position":2,"name":"La C\u00e1tedra del Tajo UCLM-Soliss recomienda: \u00abEl Tajo\u00bb, una animaci\u00f3n de dos minutos que resume los problemas del r\u00edo"}]},{"@type":"WebSite","@id":"https:\/\/catedradeltajo.es\/#website","url":"https:\/\/catedradeltajo.es\/","name":"Incendio de Montesi\u00f3n","description":"C\u00e1tedra sobre el r\u00edo Tajo de la UCLM y la Fundaci\u00f3n SOLISS","publisher":{"@id":"https:\/\/catedradeltajo.es\/#organization"},"potentialAction":[{"@type":"SearchAction","target":{"@type":"EntryPoint","urlTemplate":"https:\/\/catedradeltajo.es\/?s={search_term_string}"},"query-input":{"@type":"PropertyValueSpecification","valueRequired":true,"valueName":"search_term_string"}}],"inLanguage":"en-US"},{"@type":"Organization","@id":"https:\/\/catedradeltajo.es\/#organization","name":"Observatorio de la Evoluci\u00f3n del Incendio de Montesi\u00f3n","url":"https:\/\/catedradeltajo.es\/","logo":{"@type":"ImageObject","inLanguage":"en-US","@id":"https:\/\/catedradeltajo.es\/#\/schema\/logo\/image\/","url":"https:\/\/catedradeltajo.es\/wp-content\/uploads\/2021\/09\/105943627_929275060916590_5631063699459450491_n.jpg","contentUrl":"https:\/\/catedradeltajo.es\/wp-content\/uploads\/2021\/09\/105943627_929275060916590_5631063699459450491_n.jpg","width":150,"height":150,"caption":"Observatorio de la Evoluci\u00f3n del Incendio de Montesi\u00f3n"},"image":{"@id":"https:\/\/catedradeltajo.es\/#\/schema\/logo\/image\/"},"sameAs":["https:\/\/x.com\/OMontesion","https:\/\/www.instagram.com\/omontesion\/"]}]}},"_links":{"self":[{"href":"https:\/\/catedradeltajo.es\/en\/wp-json\/wp\/v2\/pages\/3349","targetHints":{"allow":["GET"]}}],"collection":[{"href":"https:\/\/catedradeltajo.es\/en\/wp-json\/wp\/v2\/pages"}],"about":[{"href":"https:\/\/catedradeltajo.es\/en\/wp-json\/wp\/v2\/types\/page"}],"author":[{"embeddable":true,"href":"https:\/\/catedradeltajo.es\/en\/wp-json\/wp\/v2\/users\/4"}],"replies":[{"embeddable":true,"href":"https:\/\/catedradeltajo.es\/en\/wp-json\/wp\/v2\/comments?post=3349"}],"version-history":[{"count":3,"href":"https:\/\/catedradeltajo.es\/en\/wp-json\/wp\/v2\/pages\/3349\/revisions"}],"predecessor-version":[{"id":3356,"href":"https:\/\/catedradeltajo.es\/en\/wp-json\/wp\/v2\/pages\/3349\/revisions\/3356"}],"wp:featuredmedia":[{"embeddable":true,"href":"https:\/\/catedradeltajo.es\/en\/wp-json\/wp\/v2\/media\/3350"}],"wp:attachment":[{"href":"https:\/\/catedradeltajo.es\/en\/wp-json\/wp\/v2\/media?parent=3349"}],"curies":[{"name":"wp","href":"https:\/\/api.w.org\/{rel}","templated":true}]}}