{"id":2583,"date":"2021-11-16T14:03:46","date_gmt":"2021-11-16T13:03:46","guid":{"rendered":"https:\/\/catedradeltajo.es\/?page_id=2583"},"modified":"2022-04-18T09:54:07","modified_gmt":"2022-04-18T07:54:07","slug":"bases-de-datos","status":"publish","type":"page","link":"https:\/\/catedradeltajo.es\/en\/bases-de-datos\/","title":{"rendered":"BASE DE DATOS"},"content":{"rendered":"<h2><strong>Tagus Database<\/strong><\/h2>\n<hr \/>\n<p style=\"font-weight: 400;\"><span style=\"color: #000000;\">The <strong style=\"font-weight: 600;\">Tagus Database<\/strong> aims to compile those publications (articles, theses, master's and degree final projects, reports, legal documents, etc.) related to <strong>the Tagus and its rivers<\/strong>, from a plural and multidisciplinary point of view<strong style=\"font-weight: 600;\">.<\/strong><\/span><\/p>\n<p style=\"font-weight: 400;\"><span style=\"color: #000000;\">The objective of the Tajo UCLM-Soliss Foundation Chair through this Database is to make available to the scientific and research community, students and society in general, a useful consultation tool that <strong>facilitate and encourage the transmission of knowledge and information<\/strong> about the reality of the Tagus basin.<\/span><\/p>\n<p style=\"font-weight: 400;\"><span style=\"color: #000000;\">The information has been divided firstly according to the type of documents:<\/span><\/p>\n<ul>\n<li><span style=\"color: #000000;\"><strong><a href=\"https:\/\/catedradeltajo.es\/tesis-doctorales\/\">Doctoral Theses<\/a>.\u00a0<\/strong>You will also find Master's Final Projects, Degree Final Projects, Final Degree Projects, etc.<\/span><\/li>\n<li><span style=\"color: #000000;\"><strong><a href=\"https:\/\/catedradeltajo.es\/articulos-de-investigacion\/\">Research Articles<\/a>,\u00a0<\/strong>published in scientific journals, presented at conferences...<\/span><\/li>\n<li><span style=\"color: #000000;\"><strong><a href=\"https:\/\/catedradeltajo.es\/articulos-de-divulgacion-cientifica\/\">Popular Science Articles.<\/a>.\u00a0<\/strong>Articles with rigor but intended for a more mainstream audience.<\/span><\/li>\n<li><span style=\"color: #000000;\"><a href=\"https:\/\/catedradeltajo.es\/informes\/\"><strong>Reports<\/strong><\/a>, as well as projects, books, memoirs, inventories, publications, etc.<\/span><\/li>\n<li><span style=\"color: #000000;\"><strong><a href=\"https:\/\/catedradeltajo.es\/legislacion\/\">Legislation<\/a>:\u00a0<\/strong>a compilation of regulations (directives, laws, decrees) and legal regulations (management plans, basin plans, hydrological plan documents...), both at the community, state and regional levels.<\/span><\/li>\n<\/ul>\n<p><span style=\"color: #000000;\">You can search by the authorship of the document, by its year of publication, by the name of the person who edited it, as well as by any of the words included in the title of the publication. Additionally, the table will allow you to sort the publications by temporal order of publication or by alphabetical order in any of the fields in each column.<\/span><\/p>\n<p><span style=\"color: #000000;\">We want this to be a living Database, exposed to changes and that <strong>is continually fed with more content<\/strong>. If you know of any publication that we do not have included, please send us its reference and we will be happy to upload it.<\/span><\/p>\n<p><span style=\"color: #000000;\">Thank you very much for your collaboration. <strong>The Tagus deserves it.<\/strong><\/span><\/p>","protected":false},"excerpt":{"rendered":"<p>Base de Datos del Tajo La Base de Datos del Tajo pretende recopilar aquellas publicaciones (art\u00edculos, tesis, trabajos fin de m\u00e1ster y de grado, informes, documentos<span class=\"excerpt-hellip\"> [\u2026]<\/span><\/p>\n","protected":false},"author":5,"featured_media":3222,"parent":0,"menu_order":0,"comment_status":"closed","ping_status":"closed","template":"","meta":{"footnotes":""},"class_list":["post-2583","page","type-page","status-publish","has-post-thumbnail","hentry"],"yoast_head":"<!-- This site is optimized with the Yoast SEO plugin v27.3 - https:\/\/yoast.com\/product\/yoast-seo-wordpress\/ -->\n<title>BASE DE DATOS &#8211; C\u00e1tedra del Tajo<\/title>\n<meta name=\"description\" content=\"La\u00a0Base de Datos del Tajo pretende recopilar aquellas publicaciones (art\u00edculos, tesis, trabajos fin de m\u00e1ster y de grado, informes, documentos legales, etc.) relacionados con el Tajo y sus r\u00edos, desde un punto de vista plural y multidisciplinar.\" \/>\n<meta name=\"robots\" content=\"index, follow, max-snippet:-1, max-image-preview:large, max-video-preview:-1\" \/>\n<link rel=\"canonical\" href=\"https:\/\/catedradeltajo.es\/en\/bases-de-datos\/\" \/>\n<meta property=\"og:locale\" content=\"en_US\" \/>\n<meta property=\"og:type\" content=\"article\" \/>\n<meta property=\"og:title\" content=\"BASE DE DATOS &#8211; C\u00e1tedra del Tajo\" \/>\n<meta property=\"og:description\" content=\"La\u00a0Base de Datos del Tajo pretende recopilar aquellas publicaciones (art\u00edculos, tesis, trabajos fin de m\u00e1ster y de grado, informes, documentos legales, etc.) relacionados con el Tajo y sus r\u00edos, desde un punto de vista plural y multidisciplinar.\" \/>\n<meta property=\"og:url\" content=\"https:\/\/catedradeltajo.es\/en\/bases-de-datos\/\" \/>\n<meta property=\"og:site_name\" content=\"C\u00e1tedra del Tajo\" \/>\n<meta property=\"article:modified_time\" content=\"2022-04-18T07:54:07+00:00\" \/>\n<meta property=\"og:image\" content=\"https:\/\/catedradeltajo.es\/wp-content\/uploads\/2022\/02\/base-de-datos.jpg\" \/>\n\t<meta property=\"og:image:width\" content=\"2500\" \/>\n\t<meta property=\"og:image:height\" content=\"500\" \/>\n\t<meta property=\"og:image:type\" content=\"image\/jpeg\" \/>\n<meta name=\"twitter:card\" content=\"summary_large_image\" \/>\n<meta name=\"twitter:site\" content=\"@OMontesion\" \/>\n<meta name=\"twitter:label1\" content=\"Est. reading time\" \/>\n\t<meta name=\"twitter:data1\" content=\"2 minutes\" \/>\n<script type=\"application\/ld+json\" class=\"yoast-schema-graph\">{\"@context\":\"https:\\\/\\\/schema.org\",\"@graph\":[{\"@type\":\"WebPage\",\"@id\":\"https:\\\/\\\/catedradeltajo.es\\\/bases-de-datos\\\/\",\"url\":\"https:\\\/\\\/catedradeltajo.es\\\/bases-de-datos\\\/\",\"name\":\"BASE DE DATOS &#8211; C\u00e1tedra del Tajo\",\"isPartOf\":{\"@id\":\"https:\\\/\\\/catedradeltajo.es\\\/#website\"},\"primaryImageOfPage\":{\"@id\":\"https:\\\/\\\/catedradeltajo.es\\\/bases-de-datos\\\/#primaryimage\"},\"image\":{\"@id\":\"https:\\\/\\\/catedradeltajo.es\\\/bases-de-datos\\\/#primaryimage\"},\"thumbnailUrl\":\"https:\\\/\\\/catedradeltajo.es\\\/wp-content\\\/uploads\\\/2022\\\/02\\\/base-de-datos.jpg\",\"datePublished\":\"2021-11-16T13:03:46+00:00\",\"dateModified\":\"2022-04-18T07:54:07+00:00\",\"description\":\"La\u00a0Base de Datos del Tajo pretende recopilar aquellas publicaciones (art\u00edculos, tesis, trabajos fin de m\u00e1ster y de grado, informes, documentos legales, etc.) relacionados con el Tajo y sus r\u00edos, desde un punto de vista plural y multidisciplinar.\",\"breadcrumb\":{\"@id\":\"https:\\\/\\\/catedradeltajo.es\\\/bases-de-datos\\\/#breadcrumb\"},\"inLanguage\":\"en-US\",\"potentialAction\":[{\"@type\":\"ReadAction\",\"target\":[\"https:\\\/\\\/catedradeltajo.es\\\/bases-de-datos\\\/\"]}]},{\"@type\":\"ImageObject\",\"inLanguage\":\"en-US\",\"@id\":\"https:\\\/\\\/catedradeltajo.es\\\/bases-de-datos\\\/#primaryimage\",\"url\":\"https:\\\/\\\/catedradeltajo.es\\\/wp-content\\\/uploads\\\/2022\\\/02\\\/base-de-datos.jpg\",\"contentUrl\":\"https:\\\/\\\/catedradeltajo.es\\\/wp-content\\\/uploads\\\/2022\\\/02\\\/base-de-datos.jpg\",\"width\":2500,\"height\":500},{\"@type\":\"BreadcrumbList\",\"@id\":\"https:\\\/\\\/catedradeltajo.es\\\/bases-de-datos\\\/#breadcrumb\",\"itemListElement\":[{\"@type\":\"ListItem\",\"position\":1,\"name\":\"Portada\",\"item\":\"https:\\\/\\\/catedradeltajo.es\\\/\"},{\"@type\":\"ListItem\",\"position\":2,\"name\":\"BASE DE DATOS\"}]},{\"@type\":\"WebSite\",\"@id\":\"https:\\\/\\\/catedradeltajo.es\\\/#website\",\"url\":\"https:\\\/\\\/catedradeltajo.es\\\/\",\"name\":\"Incendio de Montesi\u00f3n\",\"description\":\"C\u00e1tedra sobre el r\u00edo Tajo de la UCLM y la Fundaci\u00f3n SOLISS\",\"publisher\":{\"@id\":\"https:\\\/\\\/catedradeltajo.es\\\/#organization\"},\"potentialAction\":[{\"@type\":\"SearchAction\",\"target\":{\"@type\":\"EntryPoint\",\"urlTemplate\":\"https:\\\/\\\/catedradeltajo.es\\\/?s={search_term_string}\"},\"query-input\":{\"@type\":\"PropertyValueSpecification\",\"valueRequired\":true,\"valueName\":\"search_term_string\"}}],\"inLanguage\":\"en-US\"},{\"@type\":\"Organization\",\"@id\":\"https:\\\/\\\/catedradeltajo.es\\\/#organization\",\"name\":\"Observatorio de la Evoluci\u00f3n del Incendio de Montesi\u00f3n\",\"url\":\"https:\\\/\\\/catedradeltajo.es\\\/\",\"logo\":{\"@type\":\"ImageObject\",\"inLanguage\":\"en-US\",\"@id\":\"https:\\\/\\\/catedradeltajo.es\\\/#\\\/schema\\\/logo\\\/image\\\/\",\"url\":\"https:\\\/\\\/catedradeltajo.es\\\/wp-content\\\/uploads\\\/2021\\\/09\\\/105943627_929275060916590_5631063699459450491_n.jpg\",\"contentUrl\":\"https:\\\/\\\/catedradeltajo.es\\\/wp-content\\\/uploads\\\/2021\\\/09\\\/105943627_929275060916590_5631063699459450491_n.jpg\",\"width\":150,\"height\":150,\"caption\":\"Observatorio de la Evoluci\u00f3n del Incendio de Montesi\u00f3n\"},\"image\":{\"@id\":\"https:\\\/\\\/catedradeltajo.es\\\/#\\\/schema\\\/logo\\\/image\\\/\"},\"sameAs\":[\"https:\\\/\\\/x.com\\\/OMontesion\",\"https:\\\/\\\/www.instagram.com\\\/omontesion\\\/\"]}]}<\/script>\n<!-- \/ Yoast SEO plugin. -->","yoast_head_json":{"title":"BASE DE DATOS &#8211; C\u00e1tedra del Tajo","description":"La\u00a0Base de Datos del Tajo pretende recopilar aquellas publicaciones (art\u00edculos, tesis, trabajos fin de m\u00e1ster y de grado, informes, documentos legales, etc.) relacionados con el Tajo y sus r\u00edos, desde un punto de vista plural y multidisciplinar.","robots":{"index":"index","follow":"follow","max-snippet":"max-snippet:-1","max-image-preview":"max-image-preview:large","max-video-preview":"max-video-preview:-1"},"canonical":"https:\/\/catedradeltajo.es\/en\/bases-de-datos\/","og_locale":"en_US","og_type":"article","og_title":"BASE DE DATOS &#8211; C\u00e1tedra del Tajo","og_description":"La\u00a0Base de Datos del Tajo pretende recopilar aquellas publicaciones (art\u00edculos, tesis, trabajos fin de m\u00e1ster y de grado, informes, documentos legales, etc.) relacionados con el Tajo y sus r\u00edos, desde un punto de vista plural y multidisciplinar.","og_url":"https:\/\/catedradeltajo.es\/en\/bases-de-datos\/","og_site_name":"C\u00e1tedra del Tajo","article_modified_time":"2022-04-18T07:54:07+00:00","og_image":[{"width":2500,"height":500,"url":"https:\/\/catedradeltajo.es\/wp-content\/uploads\/2022\/02\/base-de-datos.jpg","type":"image\/jpeg"}],"twitter_card":"summary_large_image","twitter_site":"@OMontesion","twitter_misc":{"Est. reading time":"2 minutes"},"schema":{"@context":"https:\/\/schema.org","@graph":[{"@type":"WebPage","@id":"https:\/\/catedradeltajo.es\/bases-de-datos\/","url":"https:\/\/catedradeltajo.es\/bases-de-datos\/","name":"BASE DE DATOS &#8211; C\u00e1tedra del Tajo","isPartOf":{"@id":"https:\/\/catedradeltajo.es\/#website"},"primaryImageOfPage":{"@id":"https:\/\/catedradeltajo.es\/bases-de-datos\/#primaryimage"},"image":{"@id":"https:\/\/catedradeltajo.es\/bases-de-datos\/#primaryimage"},"thumbnailUrl":"https:\/\/catedradeltajo.es\/wp-content\/uploads\/2022\/02\/base-de-datos.jpg","datePublished":"2021-11-16T13:03:46+00:00","dateModified":"2022-04-18T07:54:07+00:00","description":"La\u00a0Base de Datos del Tajo pretende recopilar aquellas publicaciones (art\u00edculos, tesis, trabajos fin de m\u00e1ster y de grado, informes, documentos legales, etc.) relacionados con el Tajo y sus r\u00edos, desde un punto de vista plural y multidisciplinar.","breadcrumb":{"@id":"https:\/\/catedradeltajo.es\/bases-de-datos\/#breadcrumb"},"inLanguage":"en-US","potentialAction":[{"@type":"ReadAction","target":["https:\/\/catedradeltajo.es\/bases-de-datos\/"]}]},{"@type":"ImageObject","inLanguage":"en-US","@id":"https:\/\/catedradeltajo.es\/bases-de-datos\/#primaryimage","url":"https:\/\/catedradeltajo.es\/wp-content\/uploads\/2022\/02\/base-de-datos.jpg","contentUrl":"https:\/\/catedradeltajo.es\/wp-content\/uploads\/2022\/02\/base-de-datos.jpg","width":2500,"height":500},{"@type":"BreadcrumbList","@id":"https:\/\/catedradeltajo.es\/bases-de-datos\/#breadcrumb","itemListElement":[{"@type":"ListItem","position":1,"name":"Portada","item":"https:\/\/catedradeltajo.es\/"},{"@type":"ListItem","position":2,"name":"BASE DE DATOS"}]},{"@type":"WebSite","@id":"https:\/\/catedradeltajo.es\/#website","url":"https:\/\/catedradeltajo.es\/","name":"Incendio de Montesi\u00f3n","description":"C\u00e1tedra sobre el r\u00edo Tajo de la UCLM y la Fundaci\u00f3n SOLISS","publisher":{"@id":"https:\/\/catedradeltajo.es\/#organization"},"potentialAction":[{"@type":"SearchAction","target":{"@type":"EntryPoint","urlTemplate":"https:\/\/catedradeltajo.es\/?s={search_term_string}"},"query-input":{"@type":"PropertyValueSpecification","valueRequired":true,"valueName":"search_term_string"}}],"inLanguage":"en-US"},{"@type":"Organization","@id":"https:\/\/catedradeltajo.es\/#organization","name":"Observatorio de la Evoluci\u00f3n del Incendio de Montesi\u00f3n","url":"https:\/\/catedradeltajo.es\/","logo":{"@type":"ImageObject","inLanguage":"en-US","@id":"https:\/\/catedradeltajo.es\/#\/schema\/logo\/image\/","url":"https:\/\/catedradeltajo.es\/wp-content\/uploads\/2021\/09\/105943627_929275060916590_5631063699459450491_n.jpg","contentUrl":"https:\/\/catedradeltajo.es\/wp-content\/uploads\/2021\/09\/105943627_929275060916590_5631063699459450491_n.jpg","width":150,"height":150,"caption":"Observatorio de la Evoluci\u00f3n del Incendio de Montesi\u00f3n"},"image":{"@id":"https:\/\/catedradeltajo.es\/#\/schema\/logo\/image\/"},"sameAs":["https:\/\/x.com\/OMontesion","https:\/\/www.instagram.com\/omontesion\/"]}]}},"_links":{"self":[{"href":"https:\/\/catedradeltajo.es\/en\/wp-json\/wp\/v2\/pages\/2583","targetHints":{"allow":["GET"]}}],"collection":[{"href":"https:\/\/catedradeltajo.es\/en\/wp-json\/wp\/v2\/pages"}],"about":[{"href":"https:\/\/catedradeltajo.es\/en\/wp-json\/wp\/v2\/types\/page"}],"author":[{"embeddable":true,"href":"https:\/\/catedradeltajo.es\/en\/wp-json\/wp\/v2\/users\/5"}],"replies":[{"embeddable":true,"href":"https:\/\/catedradeltajo.es\/en\/wp-json\/wp\/v2\/comments?post=2583"}],"version-history":[{"count":10,"href":"https:\/\/catedradeltajo.es\/en\/wp-json\/wp\/v2\/pages\/2583\/revisions"}],"predecessor-version":[{"id":3435,"href":"https:\/\/catedradeltajo.es\/en\/wp-json\/wp\/v2\/pages\/2583\/revisions\/3435"}],"wp:featuredmedia":[{"embeddable":true,"href":"https:\/\/catedradeltajo.es\/en\/wp-json\/wp\/v2\/media\/3222"}],"wp:attachment":[{"href":"https:\/\/catedradeltajo.es\/en\/wp-json\/wp\/v2\/media?parent=2583"}],"curies":[{"name":"wp","href":"https:\/\/api.w.org\/{rel}","templated":true}]}}