{"id":2388,"date":"2020-06-26T20:13:35","date_gmt":"2020-06-26T18:13:35","guid":{"rendered":"https:\/\/observatoriomontesion.es\/?page_id=2388"},"modified":"2022-02-14T11:02:18","modified_gmt":"2022-02-14T10:02:18","slug":"politica-de-privacidad","status":"publish","type":"page","link":"https:\/\/catedradeltajo.es\/en\/politica-de-privacidad\/","title":{"rendered":"Pol\u00edtica de privacidad"},"content":{"rendered":"<h2>POL\u00cdTICA DE PRIVACIDAD<\/h2>\n<p style=\"text-align: justify;\">FUNDACION SOLISS, de nacionalidad espa\u00f1ola con domicilio social en la\u00a0Cuesta del \u00c1guila, 5. 45001. Toledo, es la titular del sitio web www.fundacionsoliss.es, y responsable del tratamiento de los datos de car\u00e1cter personal suministrados por los usuarios a trav\u00e9s de este sitio web.<\/p>\n<p style=\"text-align: justify;\">Todos los datos facilitados a trav\u00e9s de formularios electr\u00f3nicos y\/o mediante correo electr\u00f3nico, a cualquier de las cuentas del grupo, ser\u00e1n tratados con estricta confidencialidad seg\u00fan lo previsto en el\u00a0<a href=\"http:\/\/www.agpd.es\/portalwebAGPD\/canaldocumentacion\/legislacion\/union_europea\/reglamentos\/common\/pdfs\/Reglamento_UE_2016-679_Proteccion_datos_DOUE.pdf\">Reglamento 2016\/679 de Protecci\u00f3n de Datos<\/a>. Los datos han sido facilitados por el titular de manera voluntaria y son los estrictamente necesarios, adecuados, pertinentes y no excesivos en relaci\u00f3n con el \u00e1mbito y finalidades descritos. El usuario responder\u00e1, en cualquier caso, de la veracidad de los datos facilitados, reserv\u00e1ndose\u00a0FUNDACION SOLISS\u00a0el derecho a excluir de los servicios registrados a todo usuario que haya facilitado datos falsos, sin perjuicio de las dem\u00e1s acciones que procedan en Derecho\u00a0.<\/p>\n<p style=\"text-align: justify;\">El titular de los datos autoriza el tratamiento de los datos suministrados de manera voluntaria a trav\u00e9s de este sitio web, as\u00ed como todos aquellos que pudiera facilitar a FUNDACION SOLISS\u00a0directamente o por cualquier otro medio, para dar cumplimiento de la solicitud de informaci\u00f3n, y la participaci\u00f3n o colaboraci\u00f3n en actividades y\/o proyectos, lleven o no impl\u00edcito una relaci\u00f3n precontractual o contractual.<\/p>\n<p style=\"text-align: justify;\">FUNDACION SOLISS insiste en su compromiso de uso responsable y confidencial de los datos, garantizando que los datos de los usuarios se tratar\u00e1n de acuerdo con las exigencias legales, y que tan s\u00f3lo ser\u00e1n utilizados por\u00a0FUNDACION SOLISS con el prop\u00f3sito indicado.<\/p>\n<p style=\"text-align: justify;\">Le informamos que tiene usted derecho a la informaci\u00f3n, acceso, rectificaci\u00f3n, al borrado y al olvido, a la limitaci\u00f3n del tratamiento y portabilidad, as\u00ed como a la oposici\u00f3n y cancelaci\u00f3n, pudiendo ejercitar dichos derechos acreditando su identidad (fotocopia de su DNI, pasaporte o tarjeta de residencia) a trav\u00e9s de dos canales:<\/p>\n<ul style=\"text-align: justify;\">\n<li>correo electr\u00f3nico\u00a0a:\u00a0<a href=\"mailto:eduardobutragueno@fundacionsoliss.es?subject=Derechos%20RGPD\">eduardobutragueno@fundacionsoliss.es<\/a><\/li>\n<li>correo postal\u00a0a: correo postal a: Fundaci\u00f3n Soliss. Cuesta del \u00c1guila, 5. 45001. Toledo.<\/li>\n<\/ul>\n<p style=\"text-align: justify;\">Para cualquier asunto relacionado con la protecci\u00f3n de datos, usted puede contactar con el Delegado de Protecci\u00f3n de datos de FUNDACION SOLISS a trav\u00e9s del tel\u00e9fono 925211200 o al correo electr\u00f3nico\u00a0<a href=\"mailto:eduardobutragueno@fundacionsoliss.es?subject=Derechos%20RGPD\">eduardobutragueno@fundacionsoliss.es<\/a>. As\u00ed mismo tiene a su disposici\u00f3n a la Agencia de Protecci\u00f3n de Datos para cualquier reclamaci\u00f3n.<\/p>\n<p style=\"text-align: justify;\">Los datos recabados en los cuestionarios solo ser\u00e1n utilizados para las finalidades encomendadas por los interesados, dichos datos ser\u00e1n conservados durante el tiempo que dure la prestaci\u00f3n del servicio y posteriormente, 6 a\u00f1os para el cumplimiento con las exigencias de la legislaci\u00f3n vigente.<\/p>\n<p style=\"text-align: justify;\">Dichos datos no ser\u00e1n incorporados a decisiones automatizadas para la elaboraci\u00f3n de perfiles u otros fines relacionados.<\/p>\n<p style=\"text-align: justify;\">FUNDACION SOLISS y su personal dan la m\u00e1xima garant\u00eda de cumplimiento del secreto legal o profesional sobre la informaci\u00f3n y datos a los que tenga acceso durante la prestaci\u00f3n del servicio.<\/p>\n<p>&nbsp;<\/p>","protected":false},"excerpt":{"rendered":"<p>POL\u00cdTICA DE PRIVACIDAD FUNDACION SOLISS, de nacionalidad espa\u00f1ola con domicilio social en la\u00a0Cuesta del \u00c1guila, 5. 45001. Toledo, es la titular del sitio web www.fundacionsoliss.es, y<span class=\"excerpt-hellip\"> [\u2026]<\/span><\/p>\n","protected":false},"author":5,"featured_media":0,"parent":0,"menu_order":0,"comment_status":"closed","ping_status":"closed","template":"","meta":{"footnotes":""},"class_list":["post-2388","page","type-page","status-publish","hentry"],"yoast_head":"<!-- This site is optimized with the Yoast SEO plugin v27.4 - https:\/\/yoast.com\/product\/yoast-seo-wordpress\/ -->\n<title>Pol\u00edtica de privacidad &#8211; C\u00e1tedra del Tajo<\/title>\n<meta name=\"robots\" content=\"index, follow, max-snippet:-1, max-image-preview:large, max-video-preview:-1\" \/>\n<link rel=\"canonical\" href=\"https:\/\/catedradeltajo.es\/en\/politica-de-privacidad\/\" \/>\n<meta property=\"og:locale\" content=\"en_US\" \/>\n<meta property=\"og:type\" content=\"article\" \/>\n<meta property=\"og:title\" content=\"Pol\u00edtica de privacidad &#8211; C\u00e1tedra del Tajo\" \/>\n<meta property=\"og:description\" content=\"POL\u00cdTICA DE PRIVACIDAD FUNDACION SOLISS, de nacionalidad espa\u00f1ola con domicilio social en la\u00a0Cuesta del \u00c1guila, 5. 45001. Toledo, es la titular del sitio web www.fundacionsoliss.es, y [\u2026]\" \/>\n<meta property=\"og:url\" content=\"https:\/\/catedradeltajo.es\/en\/politica-de-privacidad\/\" \/>\n<meta property=\"og:site_name\" content=\"C\u00e1tedra del Tajo\" \/>\n<meta property=\"article:modified_time\" content=\"2022-02-14T10:02:18+00:00\" \/>\n<meta name=\"twitter:card\" content=\"summary_large_image\" \/>\n<meta name=\"twitter:site\" content=\"@OMontesion\" \/>\n<meta name=\"twitter:label1\" content=\"Est. reading time\" \/>\n\t<meta name=\"twitter:data1\" content=\"3 minutes\" \/>\n<script type=\"application\/ld+json\" class=\"yoast-schema-graph\">{\"@context\":\"https:\\\/\\\/schema.org\",\"@graph\":[{\"@type\":\"WebPage\",\"@id\":\"https:\\\/\\\/catedradeltajo.es\\\/politica-de-privacidad\\\/\",\"url\":\"https:\\\/\\\/catedradeltajo.es\\\/politica-de-privacidad\\\/\",\"name\":\"Pol\u00edtica de privacidad &#8211; C\u00e1tedra del Tajo\",\"isPartOf\":{\"@id\":\"https:\\\/\\\/catedradeltajo.es\\\/#website\"},\"datePublished\":\"2020-06-26T18:13:35+00:00\",\"dateModified\":\"2022-02-14T10:02:18+00:00\",\"breadcrumb\":{\"@id\":\"https:\\\/\\\/catedradeltajo.es\\\/politica-de-privacidad\\\/#breadcrumb\"},\"inLanguage\":\"en-US\",\"potentialAction\":[{\"@type\":\"ReadAction\",\"target\":[\"https:\\\/\\\/catedradeltajo.es\\\/politica-de-privacidad\\\/\"]}]},{\"@type\":\"BreadcrumbList\",\"@id\":\"https:\\\/\\\/catedradeltajo.es\\\/politica-de-privacidad\\\/#breadcrumb\",\"itemListElement\":[{\"@type\":\"ListItem\",\"position\":1,\"name\":\"Portada\",\"item\":\"https:\\\/\\\/catedradeltajo.es\\\/\"},{\"@type\":\"ListItem\",\"position\":2,\"name\":\"Pol\u00edtica de privacidad\"}]},{\"@type\":\"WebSite\",\"@id\":\"https:\\\/\\\/catedradeltajo.es\\\/#website\",\"url\":\"https:\\\/\\\/catedradeltajo.es\\\/\",\"name\":\"Incendio de Montesi\u00f3n\",\"description\":\"C\u00e1tedra sobre el r\u00edo Tajo de la UCLM y la Fundaci\u00f3n SOLISS\",\"publisher\":{\"@id\":\"https:\\\/\\\/catedradeltajo.es\\\/#organization\"},\"potentialAction\":[{\"@type\":\"SearchAction\",\"target\":{\"@type\":\"EntryPoint\",\"urlTemplate\":\"https:\\\/\\\/catedradeltajo.es\\\/?s={search_term_string}\"},\"query-input\":{\"@type\":\"PropertyValueSpecification\",\"valueRequired\":true,\"valueName\":\"search_term_string\"}}],\"inLanguage\":\"en-US\"},{\"@type\":\"Organization\",\"@id\":\"https:\\\/\\\/catedradeltajo.es\\\/#organization\",\"name\":\"Observatorio de la Evoluci\u00f3n del Incendio de Montesi\u00f3n\",\"url\":\"https:\\\/\\\/catedradeltajo.es\\\/\",\"logo\":{\"@type\":\"ImageObject\",\"inLanguage\":\"en-US\",\"@id\":\"https:\\\/\\\/catedradeltajo.es\\\/#\\\/schema\\\/logo\\\/image\\\/\",\"url\":\"https:\\\/\\\/catedradeltajo.es\\\/wp-content\\\/uploads\\\/2021\\\/09\\\/105943627_929275060916590_5631063699459450491_n.jpg\",\"contentUrl\":\"https:\\\/\\\/catedradeltajo.es\\\/wp-content\\\/uploads\\\/2021\\\/09\\\/105943627_929275060916590_5631063699459450491_n.jpg\",\"width\":150,\"height\":150,\"caption\":\"Observatorio de la Evoluci\u00f3n del Incendio de Montesi\u00f3n\"},\"image\":{\"@id\":\"https:\\\/\\\/catedradeltajo.es\\\/#\\\/schema\\\/logo\\\/image\\\/\"},\"sameAs\":[\"https:\\\/\\\/x.com\\\/OMontesion\",\"https:\\\/\\\/www.instagram.com\\\/omontesion\\\/\"]}]}<\/script>\n<!-- \/ Yoast SEO plugin. -->","yoast_head_json":{"title":"Pol\u00edtica de privacidad &#8211; C\u00e1tedra del Tajo","robots":{"index":"index","follow":"follow","max-snippet":"max-snippet:-1","max-image-preview":"max-image-preview:large","max-video-preview":"max-video-preview:-1"},"canonical":"https:\/\/catedradeltajo.es\/en\/politica-de-privacidad\/","og_locale":"en_US","og_type":"article","og_title":"Pol\u00edtica de privacidad &#8211; C\u00e1tedra del Tajo","og_description":"POL\u00cdTICA DE PRIVACIDAD FUNDACION SOLISS, de nacionalidad espa\u00f1ola con domicilio social en la\u00a0Cuesta del \u00c1guila, 5. 45001. Toledo, es la titular del sitio web www.fundacionsoliss.es, y [\u2026]","og_url":"https:\/\/catedradeltajo.es\/en\/politica-de-privacidad\/","og_site_name":"C\u00e1tedra del Tajo","article_modified_time":"2022-02-14T10:02:18+00:00","twitter_card":"summary_large_image","twitter_site":"@OMontesion","twitter_misc":{"Est. reading time":"3 minutes"},"schema":{"@context":"https:\/\/schema.org","@graph":[{"@type":"WebPage","@id":"https:\/\/catedradeltajo.es\/politica-de-privacidad\/","url":"https:\/\/catedradeltajo.es\/politica-de-privacidad\/","name":"Pol\u00edtica de privacidad &#8211; C\u00e1tedra del Tajo","isPartOf":{"@id":"https:\/\/catedradeltajo.es\/#website"},"datePublished":"2020-06-26T18:13:35+00:00","dateModified":"2022-02-14T10:02:18+00:00","breadcrumb":{"@id":"https:\/\/catedradeltajo.es\/politica-de-privacidad\/#breadcrumb"},"inLanguage":"en-US","potentialAction":[{"@type":"ReadAction","target":["https:\/\/catedradeltajo.es\/politica-de-privacidad\/"]}]},{"@type":"BreadcrumbList","@id":"https:\/\/catedradeltajo.es\/politica-de-privacidad\/#breadcrumb","itemListElement":[{"@type":"ListItem","position":1,"name":"Portada","item":"https:\/\/catedradeltajo.es\/"},{"@type":"ListItem","position":2,"name":"Pol\u00edtica de privacidad"}]},{"@type":"WebSite","@id":"https:\/\/catedradeltajo.es\/#website","url":"https:\/\/catedradeltajo.es\/","name":"Incendio de Montesi\u00f3n","description":"C\u00e1tedra sobre el r\u00edo Tajo de la UCLM y la Fundaci\u00f3n SOLISS","publisher":{"@id":"https:\/\/catedradeltajo.es\/#organization"},"potentialAction":[{"@type":"SearchAction","target":{"@type":"EntryPoint","urlTemplate":"https:\/\/catedradeltajo.es\/?s={search_term_string}"},"query-input":{"@type":"PropertyValueSpecification","valueRequired":true,"valueName":"search_term_string"}}],"inLanguage":"en-US"},{"@type":"Organization","@id":"https:\/\/catedradeltajo.es\/#organization","name":"Observatorio de la Evoluci\u00f3n del Incendio de Montesi\u00f3n","url":"https:\/\/catedradeltajo.es\/","logo":{"@type":"ImageObject","inLanguage":"en-US","@id":"https:\/\/catedradeltajo.es\/#\/schema\/logo\/image\/","url":"https:\/\/catedradeltajo.es\/wp-content\/uploads\/2021\/09\/105943627_929275060916590_5631063699459450491_n.jpg","contentUrl":"https:\/\/catedradeltajo.es\/wp-content\/uploads\/2021\/09\/105943627_929275060916590_5631063699459450491_n.jpg","width":150,"height":150,"caption":"Observatorio de la Evoluci\u00f3n del Incendio de Montesi\u00f3n"},"image":{"@id":"https:\/\/catedradeltajo.es\/#\/schema\/logo\/image\/"},"sameAs":["https:\/\/x.com\/OMontesion","https:\/\/www.instagram.com\/omontesion\/"]}]}},"_links":{"self":[{"href":"https:\/\/catedradeltajo.es\/en\/wp-json\/wp\/v2\/pages\/2388","targetHints":{"allow":["GET"]}}],"collection":[{"href":"https:\/\/catedradeltajo.es\/en\/wp-json\/wp\/v2\/pages"}],"about":[{"href":"https:\/\/catedradeltajo.es\/en\/wp-json\/wp\/v2\/types\/page"}],"author":[{"embeddable":true,"href":"https:\/\/catedradeltajo.es\/en\/wp-json\/wp\/v2\/users\/5"}],"replies":[{"embeddable":true,"href":"https:\/\/catedradeltajo.es\/en\/wp-json\/wp\/v2\/comments?post=2388"}],"version-history":[{"count":5,"href":"https:\/\/catedradeltajo.es\/en\/wp-json\/wp\/v2\/pages\/2388\/revisions"}],"predecessor-version":[{"id":3258,"href":"https:\/\/catedradeltajo.es\/en\/wp-json\/wp\/v2\/pages\/2388\/revisions\/3258"}],"wp:attachment":[{"href":"https:\/\/catedradeltajo.es\/en\/wp-json\/wp\/v2\/media?parent=2388"}],"curies":[{"name":"wp","href":"https:\/\/api.w.org\/{rel}","templated":true}]}}